{"id":109,"date":"2025-12-25T03:43:38","date_gmt":"2025-12-25T03:43:38","guid":{"rendered":"https:\/\/petino.vn\/?page_id=109"},"modified":"2025-12-25T06:02:14","modified_gmt":"2025-12-25T06:02:14","slug":"lien-he","status":"publish","type":"page","link":"https:\/\/petino.vn\/index.php\/lien-he\/","title":{"rendered":"Li\u00ean H\u1ec7"},"content":{"rendered":"<div class=\"container section-title-container\" ><h3 class=\"section-title section-title-center\"><b aria-hidden=\"true\"><\/b><span class=\"section-title-main\" >Tr\u1ee5 S\u1edf Ch\u00ednh<\/span><b aria-hidden=\"true\"><\/b><\/h3><\/div>\n<div class=\"row\"  id=\"row-1786654852\">\n\n\t<div id=\"col-1381087204\" class=\"col medium-5 small-12 large-5\"  >\n\t\t\t\t<div class=\"col-inner\"  >\n\t\t\t\n\t\t\t\n<h1 style=\"text-align: center;\">\u00a0<\/h1>\n<p>\u00a0<\/p>\n<p>\u00a0<\/p>\n<blockquote>\n<p>C\u1ea3m \u01a1n b\u1ea1n \u0111\u00e3 quan t\u00e2m v\u00e0 li\u00ean h\u1ec7 v\u1edbi <strong data-start=\"57\" data-end=\"67\">PETINO<\/strong>. Ch\u00fang t\u00f4i \u0111\u00e3 nh\u1eadn \u0111\u01b0\u1ee3c th\u00f4ng tin v\u00e0 s\u1ebd ph\u1ea3n h\u1ed3i t\u1edbi b\u1ea1n trong th\u1eddi gian s\u1edbm nh\u1ea5t. PETINO r\u1ea5t mong \u0111\u01b0\u1ee3c \u0111\u1ed3ng h\u00e0nh c\u00f9ng b\u1ea1n trong vi\u1ec7c ch\u0103m s\u00f3c th\u00fa c\u01b0ng kh\u1ecfe m\u1ea1nh v\u00e0 an to\u00e0n.<\/p>\n<\/blockquote>\n\t\t<\/div>\n\t\t\t\t\t<\/div>\n\n\t\n\n\t<div id=\"col-1559858242\" class=\"col medium-7 small-12 large-7\"  >\n\t\t\t\t<div class=\"col-inner\"  >\n\t\t\t\n\t\t\t\n\n<p><iframe src=\"https:\/\/www.google.com\/maps\/embed?pb=!1m18!1m12!1m3!1d5859.927869123293!2d105.69941137671337!3d21.095194085490665!2m3!1f0!2f0!3f0!3m2!1i1024!2i768!4f13.1!3m3!1m2!1s0x313455e8e8dd7d05%3A0x8764ec9e3ecbd04!2zMTMwIMSQxrDhu51uZyBOaOG7pcOqIEdpYW5nLCBUw6JuIEjhu5lpLCDEkGFuIFBoxrDhu6NuZywgSMOgIE7hu5lpIDEwMDAwLCBWaeG7h3QgTmFt!5e1!3m2!1svi!2s!4v1766638500545!5m2!1svi!2s\" width=\"600\" height=\"450\" style=\"border:0;\" allowfullscreen=\"\" loading=\"lazy\" referrerpolicy=\"no-referrer-when-downgrade\"><\/iframe><br \/>\n\n\t\t<\/div>\n\t\t\t\t\t<\/div>\n\n\t\n<\/div>\n","protected":false},"excerpt":{"rendered":"","protected":false},"author":1,"featured_media":0,"parent":0,"menu_order":0,"comment_status":"closed","ping_status":"closed","template":"","meta":{"footnotes":""},"class_list":["post-109","page","type-page","status-publish","hentry"],"yoast_head":"<!-- This site is optimized with the Yoast SEO plugin v26.6 - https:\/\/yoast.com\/wordpress\/plugins\/seo\/ -->\n<title>Li\u00ean H\u1ec7 - PETINO ch\u0103m s\u00f3c th\u00fa c\u01b0ng t\u1eeb th\u1ea3o m\u1ed9c<\/title>\n<meta name=\"robots\" content=\"index, follow, max-snippet:-1, max-image-preview:large, max-video-preview:-1\" \/>\n<link rel=\"canonical\" href=\"https:\/\/petino.vn\/index.php\/lien-he\/\" \/>\n<meta property=\"og:locale\" content=\"vi_VN\" \/>\n<meta property=\"og:type\" content=\"article\" \/>\n<meta property=\"og:title\" content=\"Li\u00ean H\u1ec7 - PETINO ch\u0103m s\u00f3c th\u00fa c\u01b0ng t\u1eeb th\u1ea3o m\u1ed9c\" \/>\n<meta property=\"og:url\" content=\"https:\/\/petino.vn\/index.php\/lien-he\/\" \/>\n<meta property=\"og:site_name\" content=\"PETINO ch\u0103m s\u00f3c th\u00fa c\u01b0ng t\u1eeb th\u1ea3o m\u1ed9c\" \/>\n<meta property=\"article:modified_time\" content=\"2025-12-25T06:02:14+00:00\" \/>\n<meta name=\"twitter:card\" content=\"summary_large_image\" \/>\n<script type=\"application\/ld+json\" class=\"yoast-schema-graph\">{\"@context\":\"https:\/\/schema.org\",\"@graph\":[{\"@type\":\"WebPage\",\"@id\":\"https:\/\/petino.vn\/index.php\/lien-he\/\",\"url\":\"https:\/\/petino.vn\/index.php\/lien-he\/\",\"name\":\"Li\u00ean H\u1ec7 - PETINO ch\u0103m s\u00f3c th\u00fa c\u01b0ng t\u1eeb th\u1ea3o m\u1ed9c\",\"isPartOf\":{\"@id\":\"https:\/\/petino.vn\/#website\"},\"datePublished\":\"2025-12-25T03:43:38+00:00\",\"dateModified\":\"2025-12-25T06:02:14+00:00\",\"breadcrumb\":{\"@id\":\"https:\/\/petino.vn\/index.php\/lien-he\/#breadcrumb\"},\"inLanguage\":\"vi\",\"potentialAction\":[{\"@type\":\"ReadAction\",\"target\":[\"https:\/\/petino.vn\/index.php\/lien-he\/\"]}]},{\"@type\":\"BreadcrumbList\",\"@id\":\"https:\/\/petino.vn\/index.php\/lien-he\/#breadcrumb\",\"itemListElement\":[{\"@type\":\"ListItem\",\"position\":1,\"name\":\"Trang ch\u1ee7\",\"item\":\"https:\/\/petino.vn\/\"},{\"@type\":\"ListItem\",\"position\":2,\"name\":\"Li\u00ean H\u1ec7\"}]},{\"@type\":\"WebSite\",\"@id\":\"https:\/\/petino.vn\/#website\",\"url\":\"https:\/\/petino.vn\/\",\"name\":\"PETINO ch\u0103m s\u00f3c th\u00fa c\u01b0ng t\u1eeb th\u1ea3o m\u1ed9c\",\"description\":\"PETINO l\u00e0 th\u01b0\u01a1ng hi\u1ec7u ch\u0103m s\u00f3c th\u00fa c\u01b0ng theo \u0111\u1ecbnh h\u01b0\u1edbng th\u1ea3o m\u1ed9c an to\u00e0n, t\u1eadp trung v\u00e0o c\u00e1c v\u1ea5n \u0111\u1ec1 th\u01b0\u1eddng g\u1eb7p v\u1ec1 da \u2013 l\u00f4ng c\u1ee7a ch\u00f3 m\u00e8o. S\u1ea3n ph\u1ea9m c\u1ee7a PETINO \u0111\u01b0\u1ee3c nghi\u00ean c\u1ee9u v\u1edbi c\u00f4ng th\u1ee9c t\u1eeb th\u1ea3o d\u01b0\u1ee3c t\u1ef1 nhi\u00ean, gi\u00fap l\u00e0m d\u1ecbu da, gi\u1ea3m ng\u1ee9a, h\u1ed7 tr\u1ee3 kh\u00e1ng khu\u1ea9n, ph\u00f9 h\u1ee3p s\u1eed d\u1ee5ng h\u1eb1ng ng\u00e0y v\u00e0 an to\u00e0n cho th\u00fa c\u01b0ng khi li\u1ebfm ph\u1ea3i.  PETINO h\u01b0\u1edbng t\u1edbi gi\u1ea3i ph\u00e1p nh\u1eb9 d\u1ecbu \u2013 hi\u1ec7u qu\u1ea3 \u2013 d\u1ec5 s\u1eed d\u1ee5ng, \u0111\u1ed3ng h\u00e0nh c\u00f9ng ng\u01b0\u1eddi nu\u00f4i trong vi\u1ec7c ch\u0103m s\u00f3c th\u00fa c\u01b0ng kh\u1ecfe m\u1ea1nh t\u1eeb g\u1ed1c.\",\"publisher\":{\"@id\":\"https:\/\/petino.vn\/#organization\"},\"potentialAction\":[{\"@type\":\"SearchAction\",\"target\":{\"@type\":\"EntryPoint\",\"urlTemplate\":\"https:\/\/petino.vn\/?s={search_term_string}\"},\"query-input\":{\"@type\":\"PropertyValueSpecification\",\"valueRequired\":true,\"valueName\":\"search_term_string\"}}],\"inLanguage\":\"vi\"},{\"@type\":\"Organization\",\"@id\":\"https:\/\/petino.vn\/#organization\",\"name\":\"PETINO ch\u0103m s\u00f3c th\u00fa c\u01b0ng t\u1eeb th\u1ea3o m\u1ed9c\",\"url\":\"https:\/\/petino.vn\/\",\"logo\":{\"@type\":\"ImageObject\",\"inLanguage\":\"vi\",\"@id\":\"https:\/\/petino.vn\/#\/schema\/logo\/image\/\",\"url\":\"https:\/\/petino.vn\/wp-content\/uploads\/2025\/12\/cropped-Thiet-ke-chua-co-ten.png\",\"contentUrl\":\"https:\/\/petino.vn\/wp-content\/uploads\/2025\/12\/cropped-Thiet-ke-chua-co-ten.png\",\"width\":50,\"height\":50,\"caption\":\"PETINO ch\u0103m s\u00f3c th\u00fa c\u01b0ng t\u1eeb th\u1ea3o m\u1ed9c \"},\"image\":{\"@id\":\"https:\/\/petino.vn\/#\/schema\/logo\/image\/\"}}]}<\/script>\n<!-- \/ Yoast SEO plugin. -->","yoast_head_json":{"title":"Li\u00ean H\u1ec7 - PETINO ch\u0103m s\u00f3c th\u00fa c\u01b0ng t\u1eeb th\u1ea3o m\u1ed9c","robots":{"index":"index","follow":"follow","max-snippet":"max-snippet:-1","max-image-preview":"max-image-preview:large","max-video-preview":"max-video-preview:-1"},"canonical":"https:\/\/petino.vn\/index.php\/lien-he\/","og_locale":"vi_VN","og_type":"article","og_title":"Li\u00ean H\u1ec7 - PETINO ch\u0103m s\u00f3c th\u00fa c\u01b0ng t\u1eeb th\u1ea3o m\u1ed9c","og_url":"https:\/\/petino.vn\/index.php\/lien-he\/","og_site_name":"PETINO ch\u0103m s\u00f3c th\u00fa c\u01b0ng t\u1eeb th\u1ea3o m\u1ed9c","article_modified_time":"2025-12-25T06:02:14+00:00","twitter_card":"summary_large_image","schema":{"@context":"https:\/\/schema.org","@graph":[{"@type":"WebPage","@id":"https:\/\/petino.vn\/index.php\/lien-he\/","url":"https:\/\/petino.vn\/index.php\/lien-he\/","name":"Li\u00ean H\u1ec7 - PETINO ch\u0103m s\u00f3c th\u00fa c\u01b0ng t\u1eeb th\u1ea3o m\u1ed9c","isPartOf":{"@id":"https:\/\/petino.vn\/#website"},"datePublished":"2025-12-25T03:43:38+00:00","dateModified":"2025-12-25T06:02:14+00:00","breadcrumb":{"@id":"https:\/\/petino.vn\/index.php\/lien-he\/#breadcrumb"},"inLanguage":"vi","potentialAction":[{"@type":"ReadAction","target":["https:\/\/petino.vn\/index.php\/lien-he\/"]}]},{"@type":"BreadcrumbList","@id":"https:\/\/petino.vn\/index.php\/lien-he\/#breadcrumb","itemListElement":[{"@type":"ListItem","position":1,"name":"Trang ch\u1ee7","item":"https:\/\/petino.vn\/"},{"@type":"ListItem","position":2,"name":"Li\u00ean H\u1ec7"}]},{"@type":"WebSite","@id":"https:\/\/petino.vn\/#website","url":"https:\/\/petino.vn\/","name":"PETINO ch\u0103m s\u00f3c th\u00fa c\u01b0ng t\u1eeb th\u1ea3o m\u1ed9c","description":"PETINO l\u00e0 th\u01b0\u01a1ng hi\u1ec7u ch\u0103m s\u00f3c th\u00fa c\u01b0ng theo \u0111\u1ecbnh h\u01b0\u1edbng th\u1ea3o m\u1ed9c an to\u00e0n, t\u1eadp trung v\u00e0o c\u00e1c v\u1ea5n \u0111\u1ec1 th\u01b0\u1eddng g\u1eb7p v\u1ec1 da \u2013 l\u00f4ng c\u1ee7a ch\u00f3 m\u00e8o. S\u1ea3n ph\u1ea9m c\u1ee7a PETINO \u0111\u01b0\u1ee3c nghi\u00ean c\u1ee9u v\u1edbi c\u00f4ng th\u1ee9c t\u1eeb th\u1ea3o d\u01b0\u1ee3c t\u1ef1 nhi\u00ean, gi\u00fap l\u00e0m d\u1ecbu da, gi\u1ea3m ng\u1ee9a, h\u1ed7 tr\u1ee3 kh\u00e1ng khu\u1ea9n, ph\u00f9 h\u1ee3p s\u1eed d\u1ee5ng h\u1eb1ng ng\u00e0y v\u00e0 an to\u00e0n cho th\u00fa c\u01b0ng khi li\u1ebfm ph\u1ea3i.  PETINO h\u01b0\u1edbng t\u1edbi gi\u1ea3i ph\u00e1p nh\u1eb9 d\u1ecbu \u2013 hi\u1ec7u qu\u1ea3 \u2013 d\u1ec5 s\u1eed d\u1ee5ng, \u0111\u1ed3ng h\u00e0nh c\u00f9ng ng\u01b0\u1eddi nu\u00f4i trong vi\u1ec7c ch\u0103m s\u00f3c th\u00fa c\u01b0ng kh\u1ecfe m\u1ea1nh t\u1eeb g\u1ed1c.","publisher":{"@id":"https:\/\/petino.vn\/#organization"},"potentialAction":[{"@type":"SearchAction","target":{"@type":"EntryPoint","urlTemplate":"https:\/\/petino.vn\/?s={search_term_string}"},"query-input":{"@type":"PropertyValueSpecification","valueRequired":true,"valueName":"search_term_string"}}],"inLanguage":"vi"},{"@type":"Organization","@id":"https:\/\/petino.vn\/#organization","name":"PETINO ch\u0103m s\u00f3c th\u00fa c\u01b0ng t\u1eeb th\u1ea3o m\u1ed9c","url":"https:\/\/petino.vn\/","logo":{"@type":"ImageObject","inLanguage":"vi","@id":"https:\/\/petino.vn\/#\/schema\/logo\/image\/","url":"https:\/\/petino.vn\/wp-content\/uploads\/2025\/12\/cropped-Thiet-ke-chua-co-ten.png","contentUrl":"https:\/\/petino.vn\/wp-content\/uploads\/2025\/12\/cropped-Thiet-ke-chua-co-ten.png","width":50,"height":50,"caption":"PETINO ch\u0103m s\u00f3c th\u00fa c\u01b0ng t\u1eeb th\u1ea3o m\u1ed9c "},"image":{"@id":"https:\/\/petino.vn\/#\/schema\/logo\/image\/"}}]}},"_links":{"self":[{"href":"https:\/\/petino.vn\/index.php\/wp-json\/wp\/v2\/pages\/109","targetHints":{"allow":["GET"]}}],"collection":[{"href":"https:\/\/petino.vn\/index.php\/wp-json\/wp\/v2\/pages"}],"about":[{"href":"https:\/\/petino.vn\/index.php\/wp-json\/wp\/v2\/types\/page"}],"author":[{"embeddable":true,"href":"https:\/\/petino.vn\/index.php\/wp-json\/wp\/v2\/users\/1"}],"replies":[{"embeddable":true,"href":"https:\/\/petino.vn\/index.php\/wp-json\/wp\/v2\/comments?post=109"}],"version-history":[{"count":3,"href":"https:\/\/petino.vn\/index.php\/wp-json\/wp\/v2\/pages\/109\/revisions"}],"predecessor-version":[{"id":127,"href":"https:\/\/petino.vn\/index.php\/wp-json\/wp\/v2\/pages\/109\/revisions\/127"}],"wp:attachment":[{"href":"https:\/\/petino.vn\/index.php\/wp-json\/wp\/v2\/media?parent=109"}],"curies":[{"name":"wp","href":"https:\/\/api.w.org\/{rel}","templated":true}]}}