{"id":108,"date":"2025-12-25T03:43:37","date_gmt":"2025-12-25T03:43:37","guid":{"rendered":"https:\/\/petino.vn\/?page_id=108"},"modified":"2025-12-25T06:20:58","modified_gmt":"2025-12-25T06:20:58","slug":"tin-tuc","status":"publish","type":"page","link":"https:\/\/petino.vn\/index.php\/tin-tuc\/","title":{"rendered":"Tin T\u1ee9c"},"content":{"rendered":"\n  \n    <div class=\"row large-columns-4 medium-columns-3 small-columns-1 slider row-slider slider-nav-circle slider-nav-push\"  data-flickity-options='{&quot;imagesLoaded&quot;: true, &quot;groupCells&quot;: &quot;100%&quot;, &quot;dragThreshold&quot; : 5, &quot;cellAlign&quot;: &quot;left&quot;,&quot;wrapAround&quot;: true,&quot;prevNextButtons&quot;: true,&quot;percentPosition&quot;: true,&quot;pageDots&quot;: false, &quot;rightToLeft&quot;: false, &quot;autoPlay&quot; : false}' >\n\n  <div class=\"col post-item\" >\n\t\t\t<div class=\"col-inner\">\n\t\t\t\t<div class=\"box box-default box-text-bottom box-blog-post has-hover\">\n            \t\t\t\t\t<div class=\"box-image\" >\n  \t\t\t\t\t\t<div class=\"image-overlay-remove image-cover\" style=\"padding-top:56%;\">\n\t\t\t\t\t\t\t<a href=\"https:\/\/petino.vn\/index.php\/2025\/12\/25\/rau-ma-vi-thuoc-dan-gian-mat-gan-thanh-nhiet-giai-doc\/\" class=\"plain\" aria-label=\"Rau M\u00e1: M\u00e1t Gan, Thanh Nhi\u1ec7t, Gi\u1ea3i \u0110\u1ed9c\">\n\t\t\t\t\t\t\t\t<img loading=\"lazy\" decoding=\"async\" width=\"398\" height=\"267\" src=\"https:\/\/petino.vn\/wp-content\/uploads\/2025\/12\/gallery3.png\" class=\"attachment-large size-large wp-post-image\" alt=\"\" srcset=\"https:\/\/petino.vn\/wp-content\/uploads\/2025\/12\/gallery3.png 398w, https:\/\/petino.vn\/wp-content\/uploads\/2025\/12\/gallery3-300x201.png 300w\" sizes=\"auto, (max-width: 398px) 100vw, 398px\" \/>\t\t\t\t\t\t\t<\/a>\n  \t\t\t\t\t\t\t<div class=\"overlay\" style=\"background-color: rgba(0, 0, 0, 0.09)\"><\/div>  \t\t\t\t\t\t\t  \t\t\t\t\t\t<\/div>\n  \t\t\t\t\t\t  \t\t\t\t\t<\/div>\n          \t\t\t\t\t<div class=\"box-text show-on-hover hover-bounce text-center is-large\" style=\"padding:10% 0px 10% 0px;\">\n\t\t\t\t\t<div class=\"box-text-inner blog-post-inner\">\n\n\t\t\t\t\t\n\t\t\t\t\t\t\t\t\t\t\t<p class=\"cat-label tag-label is-xxsmall op-7 uppercase\">\n\t\t\t\t\tKi\u1ebfn Th\u1ee9c \t\t\t\t\t<\/p>\n\t\t\t\t\t\t\t\t\t\t<h5 class=\"post-title is-larger \">\n\t\t\t\t\t\t<a href=\"https:\/\/petino.vn\/index.php\/2025\/12\/25\/rau-ma-vi-thuoc-dan-gian-mat-gan-thanh-nhiet-giai-doc\/\" class=\"plain\">Rau M\u00e1: M\u00e1t Gan, Thanh Nhi\u1ec7t, Gi\u1ea3i \u0110\u1ed9c<\/a>\n\t\t\t\t\t<\/h5>\n\t\t\t\t\t<div class=\"post-meta is-small op-8\">Th\u00e1ng 12 25, 2025<\/div>\t\t\t\t\t<div class=\"is-divider\"><\/div>\n\t\t\t\t\t                    \n\t\t\t\t\t\n\t\t\t\t\t\n\t\t\t\t\t<\/div>\n\t\t\t\t\t<\/div>\n\t\t\t\t\t\t\t\t\t<\/div>\n\t\t\t<\/div>\n\t\t<\/div><div class=\"col post-item\" >\n\t\t\t<div class=\"col-inner\">\n\t\t\t\t<div class=\"box box-default box-text-bottom box-blog-post has-hover\">\n            \t\t\t\t\t<div class=\"box-image\" >\n  \t\t\t\t\t\t<div class=\"image-overlay-remove image-cover\" style=\"padding-top:56%;\">\n\t\t\t\t\t\t\t<a href=\"https:\/\/petino.vn\/index.php\/2025\/12\/25\/cach-tri-viem-da-cho-meo-bang-thao-duoc\/\" class=\"plain\" aria-label=\"C\u00e1ch Tr\u1ecb Vi\u00eam Da Ch\u00f3 M\u00e8o B\u1eb1ng Th\u1ea3o D\u01b0\u1ee3c\">\n\t\t\t\t\t\t\t\t<img loading=\"lazy\" decoding=\"async\" width=\"398\" height=\"265\" src=\"https:\/\/petino.vn\/wp-content\/uploads\/2025\/12\/gallery6.png\" class=\"attachment-large size-large wp-post-image\" alt=\"\" srcset=\"https:\/\/petino.vn\/wp-content\/uploads\/2025\/12\/gallery6.png 398w, https:\/\/petino.vn\/wp-content\/uploads\/2025\/12\/gallery6-300x200.png 300w\" sizes=\"auto, (max-width: 398px) 100vw, 398px\" \/>\t\t\t\t\t\t\t<\/a>\n  \t\t\t\t\t\t\t<div class=\"overlay\" style=\"background-color: rgba(0, 0, 0, 0.09)\"><\/div>  \t\t\t\t\t\t\t  \t\t\t\t\t\t<\/div>\n  \t\t\t\t\t\t  \t\t\t\t\t<\/div>\n          \t\t\t\t\t<div class=\"box-text show-on-hover hover-bounce text-center is-large\" style=\"padding:10% 0px 10% 0px;\">\n\t\t\t\t\t<div class=\"box-text-inner blog-post-inner\">\n\n\t\t\t\t\t\n\t\t\t\t\t\t\t\t\t\t\t<p class=\"cat-label tag-label is-xxsmall op-7 uppercase\">\n\t\t\t\t\tKi\u1ebfn Th\u1ee9c \t\t\t\t\t<\/p>\n\t\t\t\t\t\t\t\t\t\t<h5 class=\"post-title is-larger \">\n\t\t\t\t\t\t<a href=\"https:\/\/petino.vn\/index.php\/2025\/12\/25\/cach-tri-viem-da-cho-meo-bang-thao-duoc\/\" class=\"plain\">C\u00e1ch Tr\u1ecb Vi\u00eam Da Ch\u00f3 M\u00e8o B\u1eb1ng Th\u1ea3o D\u01b0\u1ee3c<\/a>\n\t\t\t\t\t<\/h5>\n\t\t\t\t\t<div class=\"post-meta is-small op-8\">Th\u00e1ng 12 25, 2025<\/div>\t\t\t\t\t<div class=\"is-divider\"><\/div>\n\t\t\t\t\t                    \n\t\t\t\t\t\n\t\t\t\t\t\n\t\t\t\t\t<\/div>\n\t\t\t\t\t<\/div>\n\t\t\t\t\t\t\t\t\t<\/div>\n\t\t\t<\/div>\n\t\t<\/div><div class=\"col post-item\" >\n\t\t\t<div class=\"col-inner\">\n\t\t\t\t<div class=\"box box-default box-text-bottom box-blog-post has-hover\">\n            \t\t\t\t\t<div class=\"box-image\" >\n  \t\t\t\t\t\t<div class=\"image-overlay-remove image-cover\" style=\"padding-top:56%;\">\n\t\t\t\t\t\t\t<a href=\"https:\/\/petino.vn\/index.php\/2025\/12\/16\/cach-tri-ran-cho-tai-nha-tan-goc\/\" class=\"plain\" aria-label=\"C\u00e1ch Tr\u1ecb R\u1eadn Ch\u00f3 T\u1ea1i Nh\u00e0 T\u1eadn G\u1ed1c\">\n\t\t\t\t\t\t\t\t<img loading=\"lazy\" decoding=\"async\" width=\"402\" height=\"261\" src=\"https:\/\/petino.vn\/wp-content\/uploads\/2025\/12\/gallery2.png\" class=\"attachment-large size-large wp-post-image\" alt=\"\" srcset=\"https:\/\/petino.vn\/wp-content\/uploads\/2025\/12\/gallery2.png 402w, https:\/\/petino.vn\/wp-content\/uploads\/2025\/12\/gallery2-300x195.png 300w\" sizes=\"auto, (max-width: 402px) 100vw, 402px\" \/>\t\t\t\t\t\t\t<\/a>\n  \t\t\t\t\t\t\t<div class=\"overlay\" style=\"background-color: rgba(0, 0, 0, 0.09)\"><\/div>  \t\t\t\t\t\t\t  \t\t\t\t\t\t<\/div>\n  \t\t\t\t\t\t  \t\t\t\t\t<\/div>\n          \t\t\t\t\t<div class=\"box-text show-on-hover hover-bounce text-center is-large\" style=\"padding:10% 0px 10% 0px;\">\n\t\t\t\t\t<div class=\"box-text-inner blog-post-inner\">\n\n\t\t\t\t\t\n\t\t\t\t\t\t\t\t\t\t\t<p class=\"cat-label tag-label is-xxsmall op-7 uppercase\">\n\t\t\t\t\tKi\u1ebfn Th\u1ee9c \t\t\t\t\t<\/p>\n\t\t\t\t\t\t\t\t\t\t<h5 class=\"post-title is-larger \">\n\t\t\t\t\t\t<a href=\"https:\/\/petino.vn\/index.php\/2025\/12\/16\/cach-tri-ran-cho-tai-nha-tan-goc\/\" class=\"plain\">C\u00e1ch Tr\u1ecb R\u1eadn Ch\u00f3 T\u1ea1i Nh\u00e0 T\u1eadn G\u1ed1c<\/a>\n\t\t\t\t\t<\/h5>\n\t\t\t\t\t<div class=\"post-meta is-small op-8\">Th\u00e1ng 12 16, 2025<\/div>\t\t\t\t\t<div class=\"is-divider\"><\/div>\n\t\t\t\t\t                    \n\t\t\t\t\t\n\t\t\t\t\t\n\t\t\t\t\t<\/div>\n\t\t\t\t\t<\/div>\n\t\t\t\t\t\t\t\t\t<\/div>\n\t\t\t<\/div>\n\t\t<\/div><\/div>\n","protected":false},"excerpt":{"rendered":"","protected":false},"author":1,"featured_media":0,"parent":0,"menu_order":0,"comment_status":"closed","ping_status":"closed","template":"","meta":{"footnotes":""},"class_list":["post-108","page","type-page","status-publish","hentry"],"yoast_head":"<!-- This site is optimized with the Yoast SEO plugin v26.6 - https:\/\/yoast.com\/wordpress\/plugins\/seo\/ -->\n<title>Tin T\u1ee9c - PETINO ch\u0103m s\u00f3c th\u00fa c\u01b0ng t\u1eeb th\u1ea3o m\u1ed9c<\/title>\n<meta name=\"robots\" content=\"index, follow, max-snippet:-1, max-image-preview:large, max-video-preview:-1\" \/>\n<link rel=\"canonical\" href=\"https:\/\/petino.vn\/index.php\/tin-tuc\/\" \/>\n<meta property=\"og:locale\" content=\"vi_VN\" \/>\n<meta property=\"og:type\" content=\"article\" \/>\n<meta property=\"og:title\" content=\"Tin T\u1ee9c - PETINO ch\u0103m s\u00f3c th\u00fa c\u01b0ng t\u1eeb th\u1ea3o m\u1ed9c\" \/>\n<meta property=\"og:url\" content=\"https:\/\/petino.vn\/index.php\/tin-tuc\/\" \/>\n<meta property=\"og:site_name\" content=\"PETINO ch\u0103m s\u00f3c th\u00fa c\u01b0ng t\u1eeb th\u1ea3o m\u1ed9c\" \/>\n<meta property=\"article:modified_time\" content=\"2025-12-25T06:20:58+00:00\" \/>\n<meta name=\"twitter:card\" content=\"summary_large_image\" \/>\n<script type=\"application\/ld+json\" class=\"yoast-schema-graph\">{\"@context\":\"https:\/\/schema.org\",\"@graph\":[{\"@type\":\"WebPage\",\"@id\":\"https:\/\/petino.vn\/index.php\/tin-tuc\/\",\"url\":\"https:\/\/petino.vn\/index.php\/tin-tuc\/\",\"name\":\"Tin T\u1ee9c - PETINO ch\u0103m s\u00f3c th\u00fa c\u01b0ng t\u1eeb th\u1ea3o m\u1ed9c\",\"isPartOf\":{\"@id\":\"https:\/\/petino.vn\/#website\"},\"datePublished\":\"2025-12-25T03:43:37+00:00\",\"dateModified\":\"2025-12-25T06:20:58+00:00\",\"breadcrumb\":{\"@id\":\"https:\/\/petino.vn\/index.php\/tin-tuc\/#breadcrumb\"},\"inLanguage\":\"vi\",\"potentialAction\":[{\"@type\":\"ReadAction\",\"target\":[\"https:\/\/petino.vn\/index.php\/tin-tuc\/\"]}]},{\"@type\":\"BreadcrumbList\",\"@id\":\"https:\/\/petino.vn\/index.php\/tin-tuc\/#breadcrumb\",\"itemListElement\":[{\"@type\":\"ListItem\",\"position\":1,\"name\":\"Trang ch\u1ee7\",\"item\":\"https:\/\/petino.vn\/\"},{\"@type\":\"ListItem\",\"position\":2,\"name\":\"Tin T\u1ee9c\"}]},{\"@type\":\"WebSite\",\"@id\":\"https:\/\/petino.vn\/#website\",\"url\":\"https:\/\/petino.vn\/\",\"name\":\"PETINO ch\u0103m s\u00f3c th\u00fa c\u01b0ng t\u1eeb th\u1ea3o m\u1ed9c\",\"description\":\"PETINO l\u00e0 th\u01b0\u01a1ng hi\u1ec7u ch\u0103m s\u00f3c th\u00fa c\u01b0ng theo \u0111\u1ecbnh h\u01b0\u1edbng th\u1ea3o m\u1ed9c an to\u00e0n, t\u1eadp trung v\u00e0o c\u00e1c v\u1ea5n \u0111\u1ec1 th\u01b0\u1eddng g\u1eb7p v\u1ec1 da \u2013 l\u00f4ng c\u1ee7a ch\u00f3 m\u00e8o. S\u1ea3n ph\u1ea9m c\u1ee7a PETINO \u0111\u01b0\u1ee3c nghi\u00ean c\u1ee9u v\u1edbi c\u00f4ng th\u1ee9c t\u1eeb th\u1ea3o d\u01b0\u1ee3c t\u1ef1 nhi\u00ean, gi\u00fap l\u00e0m d\u1ecbu da, gi\u1ea3m ng\u1ee9a, h\u1ed7 tr\u1ee3 kh\u00e1ng khu\u1ea9n, ph\u00f9 h\u1ee3p s\u1eed d\u1ee5ng h\u1eb1ng ng\u00e0y v\u00e0 an to\u00e0n cho th\u00fa c\u01b0ng khi li\u1ebfm ph\u1ea3i.  PETINO h\u01b0\u1edbng t\u1edbi gi\u1ea3i ph\u00e1p nh\u1eb9 d\u1ecbu \u2013 hi\u1ec7u qu\u1ea3 \u2013 d\u1ec5 s\u1eed d\u1ee5ng, \u0111\u1ed3ng h\u00e0nh c\u00f9ng ng\u01b0\u1eddi nu\u00f4i trong vi\u1ec7c ch\u0103m s\u00f3c th\u00fa c\u01b0ng kh\u1ecfe m\u1ea1nh t\u1eeb g\u1ed1c.\",\"publisher\":{\"@id\":\"https:\/\/petino.vn\/#organization\"},\"potentialAction\":[{\"@type\":\"SearchAction\",\"target\":{\"@type\":\"EntryPoint\",\"urlTemplate\":\"https:\/\/petino.vn\/?s={search_term_string}\"},\"query-input\":{\"@type\":\"PropertyValueSpecification\",\"valueRequired\":true,\"valueName\":\"search_term_string\"}}],\"inLanguage\":\"vi\"},{\"@type\":\"Organization\",\"@id\":\"https:\/\/petino.vn\/#organization\",\"name\":\"PETINO ch\u0103m s\u00f3c th\u00fa c\u01b0ng t\u1eeb th\u1ea3o m\u1ed9c\",\"url\":\"https:\/\/petino.vn\/\",\"logo\":{\"@type\":\"ImageObject\",\"inLanguage\":\"vi\",\"@id\":\"https:\/\/petino.vn\/#\/schema\/logo\/image\/\",\"url\":\"https:\/\/petino.vn\/wp-content\/uploads\/2025\/12\/cropped-Thiet-ke-chua-co-ten.png\",\"contentUrl\":\"https:\/\/petino.vn\/wp-content\/uploads\/2025\/12\/cropped-Thiet-ke-chua-co-ten.png\",\"width\":50,\"height\":50,\"caption\":\"PETINO ch\u0103m s\u00f3c th\u00fa c\u01b0ng t\u1eeb th\u1ea3o m\u1ed9c \"},\"image\":{\"@id\":\"https:\/\/petino.vn\/#\/schema\/logo\/image\/\"}}]}<\/script>\n<!-- \/ Yoast SEO plugin. -->","yoast_head_json":{"title":"Tin T\u1ee9c - PETINO ch\u0103m s\u00f3c th\u00fa c\u01b0ng t\u1eeb th\u1ea3o m\u1ed9c","robots":{"index":"index","follow":"follow","max-snippet":"max-snippet:-1","max-image-preview":"max-image-preview:large","max-video-preview":"max-video-preview:-1"},"canonical":"https:\/\/petino.vn\/index.php\/tin-tuc\/","og_locale":"vi_VN","og_type":"article","og_title":"Tin T\u1ee9c - PETINO ch\u0103m s\u00f3c th\u00fa c\u01b0ng t\u1eeb th\u1ea3o m\u1ed9c","og_url":"https:\/\/petino.vn\/index.php\/tin-tuc\/","og_site_name":"PETINO ch\u0103m s\u00f3c th\u00fa c\u01b0ng t\u1eeb th\u1ea3o m\u1ed9c","article_modified_time":"2025-12-25T06:20:58+00:00","twitter_card":"summary_large_image","schema":{"@context":"https:\/\/schema.org","@graph":[{"@type":"WebPage","@id":"https:\/\/petino.vn\/index.php\/tin-tuc\/","url":"https:\/\/petino.vn\/index.php\/tin-tuc\/","name":"Tin T\u1ee9c - PETINO ch\u0103m s\u00f3c th\u00fa c\u01b0ng t\u1eeb th\u1ea3o m\u1ed9c","isPartOf":{"@id":"https:\/\/petino.vn\/#website"},"datePublished":"2025-12-25T03:43:37+00:00","dateModified":"2025-12-25T06:20:58+00:00","breadcrumb":{"@id":"https:\/\/petino.vn\/index.php\/tin-tuc\/#breadcrumb"},"inLanguage":"vi","potentialAction":[{"@type":"ReadAction","target":["https:\/\/petino.vn\/index.php\/tin-tuc\/"]}]},{"@type":"BreadcrumbList","@id":"https:\/\/petino.vn\/index.php\/tin-tuc\/#breadcrumb","itemListElement":[{"@type":"ListItem","position":1,"name":"Trang ch\u1ee7","item":"https:\/\/petino.vn\/"},{"@type":"ListItem","position":2,"name":"Tin T\u1ee9c"}]},{"@type":"WebSite","@id":"https:\/\/petino.vn\/#website","url":"https:\/\/petino.vn\/","name":"PETINO ch\u0103m s\u00f3c th\u00fa c\u01b0ng t\u1eeb th\u1ea3o m\u1ed9c","description":"PETINO l\u00e0 th\u01b0\u01a1ng hi\u1ec7u ch\u0103m s\u00f3c th\u00fa c\u01b0ng theo \u0111\u1ecbnh h\u01b0\u1edbng th\u1ea3o m\u1ed9c an to\u00e0n, t\u1eadp trung v\u00e0o c\u00e1c v\u1ea5n \u0111\u1ec1 th\u01b0\u1eddng g\u1eb7p v\u1ec1 da \u2013 l\u00f4ng c\u1ee7a ch\u00f3 m\u00e8o. S\u1ea3n ph\u1ea9m c\u1ee7a PETINO \u0111\u01b0\u1ee3c nghi\u00ean c\u1ee9u v\u1edbi c\u00f4ng th\u1ee9c t\u1eeb th\u1ea3o d\u01b0\u1ee3c t\u1ef1 nhi\u00ean, gi\u00fap l\u00e0m d\u1ecbu da, gi\u1ea3m ng\u1ee9a, h\u1ed7 tr\u1ee3 kh\u00e1ng khu\u1ea9n, ph\u00f9 h\u1ee3p s\u1eed d\u1ee5ng h\u1eb1ng ng\u00e0y v\u00e0 an to\u00e0n cho th\u00fa c\u01b0ng khi li\u1ebfm ph\u1ea3i.  PETINO h\u01b0\u1edbng t\u1edbi gi\u1ea3i ph\u00e1p nh\u1eb9 d\u1ecbu \u2013 hi\u1ec7u qu\u1ea3 \u2013 d\u1ec5 s\u1eed d\u1ee5ng, \u0111\u1ed3ng h\u00e0nh c\u00f9ng ng\u01b0\u1eddi nu\u00f4i trong vi\u1ec7c ch\u0103m s\u00f3c th\u00fa c\u01b0ng kh\u1ecfe m\u1ea1nh t\u1eeb g\u1ed1c.","publisher":{"@id":"https:\/\/petino.vn\/#organization"},"potentialAction":[{"@type":"SearchAction","target":{"@type":"EntryPoint","urlTemplate":"https:\/\/petino.vn\/?s={search_term_string}"},"query-input":{"@type":"PropertyValueSpecification","valueRequired":true,"valueName":"search_term_string"}}],"inLanguage":"vi"},{"@type":"Organization","@id":"https:\/\/petino.vn\/#organization","name":"PETINO ch\u0103m s\u00f3c th\u00fa c\u01b0ng t\u1eeb th\u1ea3o m\u1ed9c","url":"https:\/\/petino.vn\/","logo":{"@type":"ImageObject","inLanguage":"vi","@id":"https:\/\/petino.vn\/#\/schema\/logo\/image\/","url":"https:\/\/petino.vn\/wp-content\/uploads\/2025\/12\/cropped-Thiet-ke-chua-co-ten.png","contentUrl":"https:\/\/petino.vn\/wp-content\/uploads\/2025\/12\/cropped-Thiet-ke-chua-co-ten.png","width":50,"height":50,"caption":"PETINO ch\u0103m s\u00f3c th\u00fa c\u01b0ng t\u1eeb th\u1ea3o m\u1ed9c "},"image":{"@id":"https:\/\/petino.vn\/#\/schema\/logo\/image\/"}}]}},"_links":{"self":[{"href":"https:\/\/petino.vn\/index.php\/wp-json\/wp\/v2\/pages\/108","targetHints":{"allow":["GET"]}}],"collection":[{"href":"https:\/\/petino.vn\/index.php\/wp-json\/wp\/v2\/pages"}],"about":[{"href":"https:\/\/petino.vn\/index.php\/wp-json\/wp\/v2\/types\/page"}],"author":[{"embeddable":true,"href":"https:\/\/petino.vn\/index.php\/wp-json\/wp\/v2\/users\/1"}],"replies":[{"embeddable":true,"href":"https:\/\/petino.vn\/index.php\/wp-json\/wp\/v2\/comments?post=108"}],"version-history":[{"count":3,"href":"https:\/\/petino.vn\/index.php\/wp-json\/wp\/v2\/pages\/108\/revisions"}],"predecessor-version":[{"id":133,"href":"https:\/\/petino.vn\/index.php\/wp-json\/wp\/v2\/pages\/108\/revisions\/133"}],"wp:attachment":[{"href":"https:\/\/petino.vn\/index.php\/wp-json\/wp\/v2\/media?parent=108"}],"curies":[{"name":"wp","href":"https:\/\/api.w.org\/{rel}","templated":true}]}}